{"id":1679,"date":"2020-04-24T00:05:06","date_gmt":"2020-04-23T22:05:06","guid":{"rendered":"https:\/\/www.awn-archeologie.nl\/afdeling\/naerdincklant\/?page_id=1679"},"modified":"2020-04-24T00:05:06","modified_gmt":"2020-04-23T22:05:06","slug":"maart-2020","status":"publish","type":"page","link":"https:\/\/www.awn-archeologie.nl\/afdeling\/naerdincklant\/maart-2020\/","title":{"rendered":"Maart 2020"},"content":{"rendered":"\r\n<h2 class=\"has-pale-pink-color has-text-color has-text-align-center wp-block-heading\"><strong>MAART 2020<\/strong><\/h2>\r\n\r\n\r\n\r\n<figure class=\"wp-block-image size-large\"><img loading=\"lazy\" decoding=\"async\" width=\"1024\" height=\"879\" src=\"https:\/\/www.awn-archeologie.nl\/afdeling\/naerdincklant\/wp-content\/uploads\/2020\/03\/foto-Alexander-van-de-Bunt-@-Landschap-Erfgoed-Utrecht-klein-1024x879.jpg\" alt=\"\" class=\"wp-image-1361\" srcset=\"https:\/\/www.awn-archeologie.nl\/afdeling\/naerdincklant\/wp-content\/uploads\/2020\/03\/foto-Alexander-van-de-Bunt-@-Landschap-Erfgoed-Utrecht-klein-1024x879.jpg 1024w, https:\/\/www.awn-archeologie.nl\/afdeling\/naerdincklant\/wp-content\/uploads\/2020\/03\/foto-Alexander-van-de-Bunt-@-Landschap-Erfgoed-Utrecht-klein-300x257.jpg 300w, https:\/\/www.awn-archeologie.nl\/afdeling\/naerdincklant\/wp-content\/uploads\/2020\/03\/foto-Alexander-van-de-Bunt-@-Landschap-Erfgoed-Utrecht-klein-958x822.jpg 958w, https:\/\/www.awn-archeologie.nl\/afdeling\/naerdincklant\/wp-content\/uploads\/2020\/03\/foto-Alexander-van-de-Bunt-@-Landschap-Erfgoed-Utrecht-klein.jpg 1454w\" sizes=\"auto, (max-width: 1024px) 100vw, 1024px\" \/><figcaption>foto Alexander van de Bunt<\/figcaption><\/figure>\r\n\r\n\r\n\r\n<h3 class=\"wp-block-heading\"><strong>Bronzen Speerpunt gevonden op de Hollandse Rading<\/strong><\/h3>\r\n\r\n\r\n\r\n<h2 class=\"has-pale-pink-color has-text-color has-text-align-center wp-block-heading\"><strong>Vondst van het Jaar 2020<\/strong><\/h2>\r\n\r\n\r\n\r\n<p>Deze eerste onderscheiding van AWN\r\nNaerdincklant is zeer terecht gegaan naar Niels Kampert, de gelukkige\r\nvinder. Een leuk stukje in de krant zal nog worden vervolgd door\r\nmenig wetenschappelijk studie. Een zeer bijzonder vondst. Een\r\ntoevalstreffer.<\/p>\r\n\r\n\r\n\r\n<p>Zeer bijzondere vondsten zijn eigenlijk\r\naltijd toevalstreffers, als je ze zou verwachten waren ze allang een\r\nkeer gevonden. In het Naerdincklant zijn enkele vergelijkbare\r\nvondsten gedaan, allen uniek voor onze archeologie. \r\n<\/p>\r\n\r\n\r\n\r\n<p>Van een tongdolkje gevonden in een\r\ngrafheuvel bij Laren weet je dat die vanwege die grafheuvel daar\r\nheeft gelegen. De sierbijl die vlak bij de Hollandse Rading, bij de\r\nHoorneboegse berg is gevonden, lijkt zonder verdere context daar\r\nbegraven. Deze lijkt nieuw en ongebruikt aan de berg te zijn\r\ntoevertrouwd. Misschien was het ook nooit de bedoeling de bijl te\r\ngebruiken. Bewust begraven, denken we. Hoe zou het anders kunnen?\r\nNaar een reden moeten wij gissen. Misschien was hier een bronnetje\r\nooit of heeft men bij ingebruikname of verovering van de omgeving de\r\nnatuurkrachten goed willen stemmen. Deze objecten herinneren aan een\r\nbovenlokale materi\u00eble cultuur. We veronderstellen een zeer\r\nzelfvoorzienend gemeenschap waar toch luxe objecten en grondstoffen\r\nover grote afstanden werden uitgewisseld. Een Europees cultuur.<\/p>\r\n\r\n\r\n\r\n<div class=\"wp-block-image\"><figure class=\"alignright size-large\"><img loading=\"lazy\" decoding=\"async\" width=\"819\" height=\"1024\" src=\"https:\/\/www.awn-archeologie.nl\/afdeling\/naerdincklant\/wp-content\/uploads\/2020\/03\/foto-Alexander-van-de-Bunt-edit-Yankel-Kobalowitz-1-819x1024.jpg\" alt=\"\" class=\"wp-image-1369\" srcset=\"https:\/\/www.awn-archeologie.nl\/afdeling\/naerdincklant\/wp-content\/uploads\/2020\/03\/foto-Alexander-van-de-Bunt-edit-Yankel-Kobalowitz-1-819x1024.jpg 819w, https:\/\/www.awn-archeologie.nl\/afdeling\/naerdincklant\/wp-content\/uploads\/2020\/03\/foto-Alexander-van-de-Bunt-edit-Yankel-Kobalowitz-1-240x300.jpg 240w, https:\/\/www.awn-archeologie.nl\/afdeling\/naerdincklant\/wp-content\/uploads\/2020\/03\/foto-Alexander-van-de-Bunt-edit-Yankel-Kobalowitz-1-958x1198.jpg 958w, https:\/\/www.awn-archeologie.nl\/afdeling\/naerdincklant\/wp-content\/uploads\/2020\/03\/foto-Alexander-van-de-Bunt-edit-Yankel-Kobalowitz-1.jpg 1024w\" sizes=\"auto, (max-width: 819px) 100vw, 819px\" \/><figcaption>                                            .                                                                               Details Uitvergroot<\/figcaption><\/figure><\/div>\r\n\r\n\r\n\r\n<p>Niels Kampert is een gelukkige vinder.\r\nEn Naerdinklant is gelukkig met de vondst. We hebben ook geluk dat\r\nNiels er niets zelf aan heeft schoongemaakt. En dat hij het op zijn\r\nsocial media postte en dit op de rijksuniversiteit Groningen werd\r\nopgemerkt. Zij hebben kunnen onderzoeken en netjes schoonmaken. Er\r\nkan nu verdere studie plaatsvinden. Onze archeologie is er een stuk\r\nrijker op geworden. We hopen het voor het publiek tentoongesteld te\r\nkrijgen. En nog veel meer erover te vertellen. Onderzoeken lopen..<\/p>\r\n\r\n\r\n\r\n<p>In elk geval volgt hier wat we tot nu\r\nweten.<\/p>\r\n\r\n\r\n\r\n<p>De steel was van hazelaar. In de schacht is een restant hiervan teruggevonden. Hierdoor kunnen wij organisch archeologie erop los laten. Dit is alweer bijzonder. Een C-14 maakt het mogelijk de tijdstip wanneer de steel gemaakt is te schatten. Met 95,4% zekerheid is gemeten dat die tussen 1188 en 946 voor het begin van onze jaartelling gesneden is. Dat komt overeen met 2-\u03c3 statistische zekerheid. C-14 levert alleen statistische zekerheid. 1 op 20 kans dat het of iets ouder of iets jonger zou zijn. Maar de kans hier eeuwen naast te zitten is uiterst klein.<\/p>\r\n\r\n\r\n\r\n<p>.<\/p>\r\n\r\n\r\n\r\n<p>Er\r\nwordt dankzij deze organische resten ook onderzoek gedaan naar\r\nstuifmeelpollen dat met de hazelaar mee is ingesloten. Nauwelijks\r\nwaar te nemen deeltjes die overal in de omgeving van de producerende\r\nplanten rondhangen en neerslaan. En zeer duurzaam blijken, na\r\nduizenden jaren worden teruggevonden. Wellicht genoeg om vanuit die\r\nschachtrestanten een beeld te vormen van het landschap waarin deze\r\nluxe speerpunt van steel werd voorzien.<\/p>\r\n\r\n\r\n\r\n<p>Waar\r\nde speerpunt gemaakt is, is nog onbekend. Mogelijk is het lokaal\r\ngemaakt uit ge\u00efmporteerd brons. Hij kan ook kant en klaar uit de\r\nAlpen gekomen zijn, waar een centrum van productie geweest moet zijn.\r\nMaar we kunnen nu reeds vermoeden dat er geen Alpen pollen uit de\r\nschacht zal komen. We weten namelijk dat de speer ooit hersteld is.<\/p>\r\n\r\n\r\n\r\n<div class=\"wp-block-image\"><figure class=\"alignleft size-large\"><img loading=\"lazy\" decoding=\"async\" width=\"533\" height=\"369\" src=\"https:\/\/www.awn-archeologie.nl\/afdeling\/naerdincklant\/wp-content\/uploads\/2020\/03\/Mevr.-Dr.-Sanne-W.L.-Palstra-C14-resultaten.jpg\" alt=\"\" class=\"wp-image-1364\" srcset=\"https:\/\/www.awn-archeologie.nl\/afdeling\/naerdincklant\/wp-content\/uploads\/2020\/03\/Mevr.-Dr.-Sanne-W.L.-Palstra-C14-resultaten.jpg 533w, https:\/\/www.awn-archeologie.nl\/afdeling\/naerdincklant\/wp-content\/uploads\/2020\/03\/Mevr.-Dr.-Sanne-W.L.-Palstra-C14-resultaten-300x208.jpg 300w\" sizes=\"auto, (max-width: 533px) 100vw, 533px\" \/><figcaption>  C-14 resultaten <strong>door<\/strong> Dr. Sanne W.L. Palstra<\/figcaption><\/figure><\/div>\r\n\r\n\r\n\r\n<p>Onze\r\nspeerpunt heeft drie gaatjes. De gaatjes zullen gediend hebben om de\r\nsteel te klemmen. We kunnen vermoeden dat twee tegenover elkaar in\r\nelk geval oorspronkelijk zijn. Van die derde is dat niet duidelijk,\r\nal is het heel goed mogelijk. Dit laatste gaatje laat echter een\r\nspoor zien van een krachtvolle klap erop. Het is een beetje\r\ningedeukt. En daar gaat het om. Het is bewijs voor een restauratie.\r\nEn als de speer gerestaureerd is, is hij waarschijnlijk ook gebruikt.<\/p>\r\n\r\n\r\n\r\n<p>Een\r\nobject van zulk hoge status dat ook gebruikt is, maakt de vondst nog\r\nbijzonderder. Er is ook jammer genoeg een stukje van de rand van de\r\npunt afgebroken. En Niels heeft verzekerd dat er op de vondstplaats\r\nhelemaal niets metallisch meer te vinden was. Ons object heeft dus\r\neen gebruiksgeschiedenis.<\/p>\r\n\r\n\r\n\r\n<p>Doordat zo voorzichtig met de vondst is omgegaan en deze zo goed geconserveerd is door Gert van Oortmerssen van de RUG, is het wellicht mogelijk meer van die geschiedenis te ontdekken. Hoe de kleine krasjes op zo&#8217;n speerpunt ontstaan.<\/p>\r\n\r\n\r\n\r\n<p>.<\/p>\r\n\r\n\r\n\r\n<p>Enkele\r\nkrassen lijken echter zonder meer bewust aangebracht. Wat kunnen we\r\nerover zeggen? We weten niet of de maker, schenker, gebruiker of\r\nbijvoorbeeld een priesteres deze heeft aangebracht. Hoorden ze bij\r\nhet object of bij de familie rond deze speer? Of heeft de eigenaar ze\r\nvoor zijn plezier opgebracht? Wie ze ook heeft aangebracht, die had\r\ngoede ogen en een stevig hand. ze zijn slechts enkel millimeters\r\ngroot. En wat ze ook precies betekenen, ze geven een glimp in het\r\ngeestesleven 3000 jaar geleden. Dat is altijd bijzonder. En een hoog\r\nstatus gebruiksobject met een eigen gebruiksgeschiedenis dat iets\r\nvertelt over zijn fysieke omgeving en iets over het geestesleven van\r\nde cultuur die het voortbracht maakt het z\u00e9\u00e9r, z\u00e9\u00e9r bijzonder.<\/p>\r\n\r\n\r\n\r\n<div class=\"wp-block-image\"><figure class=\"alignright size-large\"><img loading=\"lazy\" decoding=\"async\" width=\"377\" height=\"372\" src=\"https:\/\/www.awn-archeologie.nl\/afdeling\/naerdincklant\/wp-content\/uploads\/2020\/03\/analyse-metaalsamenstelling-via-Portable-X-Ray-Fluor-Rescence-XRF-1.jpg\" alt=\"\" class=\"wp-image-1376\" srcset=\"https:\/\/www.awn-archeologie.nl\/afdeling\/naerdincklant\/wp-content\/uploads\/2020\/03\/analyse-metaalsamenstelling-via-Portable-X-Ray-Fluor-Rescence-XRF-1.jpg 377w, https:\/\/www.awn-archeologie.nl\/afdeling\/naerdincklant\/wp-content\/uploads\/2020\/03\/analyse-metaalsamenstelling-via-Portable-X-Ray-Fluor-Rescence-XRF-1-300x296.jpg 300w, https:\/\/www.awn-archeologie.nl\/afdeling\/naerdincklant\/wp-content\/uploads\/2020\/03\/analyse-metaalsamenstelling-via-Portable-X-Ray-Fluor-Rescence-XRF-1-80x80.jpg 80w, https:\/\/www.awn-archeologie.nl\/afdeling\/naerdincklant\/wp-content\/uploads\/2020\/03\/analyse-metaalsamenstelling-via-Portable-X-Ray-Fluor-Rescence-XRF-1-100x100.jpg 100w\" sizes=\"auto, (max-width: 377px) 100vw, 377px\" \/><figcaption>analyse metalen door Portable X-Ray Fluor Rescence (XRF)<\/figcaption><\/figure><\/div>\r\n\r\n\r\n\r\n<p>Tot\r\nslot blijft de vraag hoe het op de vondstplaats terecht is gekomen.\r\nVan grafvondsten kunnen we het vermoeden, al kunnen objecten latere\r\nbijzettingen zijn of desnoods voor ingebruikname zijn neergelegd. Van\r\ndie sierbijl van de Hoorneboeg kunnen we niet voorstellen dat die\r\nniet bewust is neergelegd. Dus het was de bedoeling dat die daar lag,\r\nal weten we niet precies waarom.<\/p>\r\n\r\n\r\n\r\n<p>Wellicht\r\nbergt de vondstplaats van de speerpunt nog meer informatie. Voor de\r\ndetectorist is de rol uitgespeeld hier. Beter ter zijner tijd met de\r\ngrootste omzichtigheid de precieze plaats onderzoeken. Dat het dus\r\nwellicht ook bewust daar is neergelegd. Indien de punt in de strijd\r\nhier is beland, de eigenaar niet in staat bleek hem op te halen, een\r\ntegenstander niet bewust van zijn waardevolle buit. Of was de\r\neigenaar ver van huis daar gestorven zonder dat zijn bekenden hem of\r\nde speer konden terugvinden?<\/p>\r\n\r\n\r\n\r\n<p>Die\r\nspeerpunt vertegenwoordigde een veel te grote waarde om zomaar te\r\nlaten liggen. Er moeten op zich veel meer luxe bronzen speerpunten\r\nzijn geweest. Ze zullen vrijwel allemaal zijn opgebruikt en kapot of\r\nversleten vanwege hun brons zijn hergebruikt. Wonder van metaal over\r\nsteen, dat het steeds opnieuw gebruikt kan worden. En een of ander\r\ngelukkig toeval heeft dit object uit die kringloop gehaald en het\r\novergeplant naar de 21ste eeuw. Het kan verkeren.<\/p>\r\n\r\n\r\n\r\n<figure class=\"wp-block-image size-large\"><img loading=\"lazy\" decoding=\"async\" width=\"1024\" height=\"683\" src=\"https:\/\/www.awn-archeologie.nl\/afdeling\/naerdincklant\/wp-content\/uploads\/2020\/03\/speerpunt-vondst-naerdincklant-foto-niels-kampert-1024x683.jpg\" alt=\"\" class=\"wp-image-1367\" srcset=\"https:\/\/www.awn-archeologie.nl\/afdeling\/naerdincklant\/wp-content\/uploads\/2020\/03\/speerpunt-vondst-naerdincklant-foto-niels-kampert-1024x683.jpg 1024w, https:\/\/www.awn-archeologie.nl\/afdeling\/naerdincklant\/wp-content\/uploads\/2020\/03\/speerpunt-vondst-naerdincklant-foto-niels-kampert-300x200.jpg 300w, https:\/\/www.awn-archeologie.nl\/afdeling\/naerdincklant\/wp-content\/uploads\/2020\/03\/speerpunt-vondst-naerdincklant-foto-niels-kampert-1536x1024.jpg 1536w, https:\/\/www.awn-archeologie.nl\/afdeling\/naerdincklant\/wp-content\/uploads\/2020\/03\/speerpunt-vondst-naerdincklant-foto-niels-kampert-2048x1365.jpg 2048w, https:\/\/www.awn-archeologie.nl\/afdeling\/naerdincklant\/wp-content\/uploads\/2020\/03\/speerpunt-vondst-naerdincklant-foto-niels-kampert-958x639.jpg 958w, https:\/\/www.awn-archeologie.nl\/afdeling\/naerdincklant\/wp-content\/uploads\/2020\/03\/speerpunt-vondst-naerdincklant-foto-niels-kampert-800x534.jpg 800w, https:\/\/www.awn-archeologie.nl\/afdeling\/naerdincklant\/wp-content\/uploads\/2020\/03\/speerpunt-vondst-naerdincklant-foto-niels-kampert-600x400.jpg 600w, https:\/\/www.awn-archeologie.nl\/afdeling\/naerdincklant\/wp-content\/uploads\/2020\/03\/speerpunt-vondst-naerdincklant-foto-niels-kampert-272x182.jpg 272w\" sizes=\"auto, (max-width: 1024px) 100vw, 1024px\" \/><figcaption>Speerpunt zoals die gevonden is door Niels Kampert<\/figcaption><\/figure>\r\n\r\n","protected":false},"excerpt":{"rendered":"<p>MAART 2020 Bronzen Speerpunt gevonden op de Hollandse Rading Vondst van het Jaar 2020 Deze eerste onderscheiding van AWN Naerdincklant is zeer terecht gegaan naar Niels Kampert, de gelukkige vinder. Een leuk stukje in de krant zal nog worden vervolgd door menig wetenschappelijk studie. Een zeer bijzonder vondst. Een toevalstreffer. Zeer bijzondere vondsten zijn eigenlijk [&hellip;]<\/p>\n","protected":false},"author":10,"featured_media":0,"parent":0,"menu_order":0,"comment_status":"closed","ping_status":"closed","template":"","meta":{"footnotes":""},"class_list":["post-1679","page","type-page","status-publish","hentry"],"_links":{"self":[{"href":"https:\/\/www.awn-archeologie.nl\/afdeling\/naerdincklant\/wp-json\/wp\/v2\/pages\/1679","targetHints":{"allow":["GET"]}}],"collection":[{"href":"https:\/\/www.awn-archeologie.nl\/afdeling\/naerdincklant\/wp-json\/wp\/v2\/pages"}],"about":[{"href":"https:\/\/www.awn-archeologie.nl\/afdeling\/naerdincklant\/wp-json\/wp\/v2\/types\/page"}],"author":[{"embeddable":true,"href":"https:\/\/www.awn-archeologie.nl\/afdeling\/naerdincklant\/wp-json\/wp\/v2\/users\/10"}],"replies":[{"embeddable":true,"href":"https:\/\/www.awn-archeologie.nl\/afdeling\/naerdincklant\/wp-json\/wp\/v2\/comments?post=1679"}],"version-history":[{"count":1,"href":"https:\/\/www.awn-archeologie.nl\/afdeling\/naerdincklant\/wp-json\/wp\/v2\/pages\/1679\/revisions"}],"predecessor-version":[{"id":1680,"href":"https:\/\/www.awn-archeologie.nl\/afdeling\/naerdincklant\/wp-json\/wp\/v2\/pages\/1679\/revisions\/1680"}],"wp:attachment":[{"href":"https:\/\/www.awn-archeologie.nl\/afdeling\/naerdincklant\/wp-json\/wp\/v2\/media?parent=1679"}],"curies":[{"name":"wp","href":"https:\/\/api.w.org\/{rel}","templated":true}]}}